{"id":46,"date":"2024-06-25T20:01:33","date_gmt":"2024-06-25T18:01:33","guid":{"rendered":"https:\/\/www.hatsche.de\/?page_id=46"},"modified":"2026-01-17T14:17:43","modified_gmt":"2026-01-17T13:17:43","slug":"home","status":"publish","type":"page","link":"https:\/\/www.hatsche.de\/","title":{"rendered":"Home"},"content":{"rendered":"<h1 style=\"text-align: center;\">Hallo und Herzlich Willkommen auf meiner Homepage<\/h1>\n<table style=\"width: 100%;\">\n<tbody>\n<tr>\n<td><img loading=\"lazy\" decoding=\"async\" class=\"aligncenter wp-image-11 size-thumbnail\" src=\"https:\/\/www.hatsche.de\/wp-content\/uploads\/2024\/06\/cropped-hatsche-150x150.jpg\" alt=\"\" width=\"150\" height=\"150\" srcset=\"https:\/\/www.hatsche.de\/wp-content\/uploads\/2024\/06\/cropped-hatsche-150x150.jpg 150w, https:\/\/www.hatsche.de\/wp-content\/uploads\/2024\/06\/cropped-hatsche-300x300.jpg 300w, https:\/\/www.hatsche.de\/wp-content\/uploads\/2024\/06\/cropped-hatsche-270x270.jpg 270w, https:\/\/www.hatsche.de\/wp-content\/uploads\/2024\/06\/cropped-hatsche-192x192.jpg 192w, https:\/\/www.hatsche.de\/wp-content\/uploads\/2024\/06\/cropped-hatsche-180x180.jpg 180w, https:\/\/www.hatsche.de\/wp-content\/uploads\/2024\/06\/cropped-hatsche-32x32.jpg 32w, https:\/\/www.hatsche.de\/wp-content\/uploads\/2024\/06\/cropped-hatsche.jpg 512w\" sizes=\"auto, (max-width: 150px) 100vw, 150px\" \/><\/td>\n<\/tr>\n<tr>\n<td height=\"20\"><\/td>\n<\/tr>\n<tr>\n<td style=\"text-align: center;\">Was k\u00f6nnt Ihr hier erwarten?<br \/>\nEin paar Info&#8217;s \u00fcber mich und meine Umwelt.<br \/>\nIhr findet hier auch Reiseberichte der L\u00e4nder in denen ich schon war.<br \/>\nLeider sind die Berichte l\u00e4ngst nicht alle fertig.<br \/>\nDas Reisen geht halt doch schneller als das Schreiben.<br \/>\n<b>Eine \u00dcbersicht findet ihr unter der Rubrik <u><a href=\"https:\/\/www.hatsche.de\/index.php\/reiseziele\/\" style=\"color: blue\">&#8220;Reiseziele&#8221;<\/a><\/u><\/b><br \/>\nDie Seite befindet sich gerade im Neuaufbau. Die bisherigen Inhalte sind jedoch auf der &#8220;Wayback-Machine&#8221; nachzulesen:<br \/>\n<a href=\"https:\/\/web.archive.org\/web\/20201031101317\/http:\/\/hatsche.de\/\" target=\"_blank\" rel=\"noopener\">HATSCHE.DE im alten Stil<\/a><\/td>\n<\/tr>\n<tr>\n<td height=\"30\"><\/td>\n<\/tr>\n<tr>\n<td>\n<h6 style=\"text-align: center;\"><a href=\"https:\/\/www.ride-the-world.de\/index.php\/2025\/12\/30\/bolivien-peru-chile-argentinien-2025\/\" target=\"_blank\" rel=\"noopener\"><img decoding=\"async\" class=\"wp-image-142 size-medium aligncenter\" src=\"https:\/\/www.hatsche.de\/wp-content\/uploads\/2026\/01\/home_2025_suedamerika.jpg\" alt=\"Bolivien | Peru | Chile | Argentinien 2025\" \/><\/a><\/h6>\n<h1 style=\"text-align: center;\"><a href=\"https:\/\/www.ride-the-world.de\/index.php\/2025\/12\/30\/bolivien-peru-chile-argentinien-2025\/\" target=\"_blank\" rel=\"noopener\">Bolivien | Peru | Chile | Argentinien 2025<\/a><\/h1>\n<\/td>\n<\/tr>\n<tr>\n<td height=\"30\"><\/td>\n<\/tr>\n<tr>\n<td>\n<h6 style=\"text-align: center;\"><a href=\"https:\/\/www.ride-the-world.de\/index.php\/2025\/01\/18\/argentinien-chile-bolivien-2024-2025\/\" target=\"\\_blank\" rel=\"noopener\"><img decoding=\"async\" class=\"wp-image-142 size-medium aligncenter\" src=\"https:\/\/www.hatsche.de\/wp-content\/uploads\/2025\/06\/home_2024_suedamerika.jpg\" alt=\"Motorradweltreise 2024 \u2013 Argentinien | Chile | Bolivien\" \/><\/a><\/h6>\n<h1 style=\"text-align: center;\"><a href=\"https:\/\/www.ride-the-world.de\/index.php\/2025\/01\/18\/argentinien-chile-bolivien-2024-2025\/\" target=\"\\_blank\" rel=\"noopener\">Motorradweltreise 2024 \u2013 Argentinien | Chile | Bolivien<\/a><\/h1>\n<\/td>\n<\/tr>\n<tr>\n<td height=\"30\"><\/td>\n<\/tr>\n<tr>\n<td>\n<h6 style=\"text-align: center;\"><a href=\"https:\/\/www.ride-the-world.de\/index.php\/2024\/01\/19\/suedamerika-gefahrene-route-2023\/\" target=\"_blank\" rel=\"noopener\"><img decoding=\"async\" class=\"wp-image-142 size-medium aligncenter\" src=\"https:\/\/www.hatsche.de\/wp-content\/uploads\/2024\/07\/home_2023_suedamerika-1024x449.jpg\" alt=\"Motorrad-Weltreise 2023 - Paraguay | Argentinien|Brasilien\" \/><\/a><\/h6>\n<h1 style=\"text-align: center;\"><a href=\"https:\/\/www.ride-the-world.de\/index.php\/2024\/01\/19\/suedamerika-gefahrene-route-2023\" target=\"_blank\" rel=\"noopener\">Motorradweltreise 2023 \u2013 Paraguay | Argentinien | Brasilien<\/a><\/h1>\n<\/td>\n<\/tr>\n<tr>\n<td height=\"30\"><\/td>\n<\/tr>\n<tr>\n<td>\n<h6 style=\"text-align: center;\"><a href=\"https:\/\/www.ride-the-world.de\/index.php\/2022\/09\/10\/geplante-route-2022\/\" target=\"_blank\" rel=\"noopener\"><img decoding=\"async\" class=\"wp-image-142 size-medium aligncenter\" src=\"https:\/\/www.hatsche.de\/wp-content\/uploads\/2024\/07\/home_2022_suedamerika-1024x449.jpg\" alt=\"Motorrad-Weltreise 2022 - Suedamerika\" \/><\/a><\/h6>\n<h1 style=\"text-align: center;\"><a href=\"https:\/\/www.ride-the-world.de\/index.php\/2022\/09\/10\/geplante-route-2022\/\" target=\"_blank\" rel=\"noopener\">Motorradweltreise 2022 \u2013 S\u00fcdamerika<\/a><\/h1>\n<\/td>\n<\/tr>\n<tr>\n<td height=\"30\"><\/td>\n<\/tr>\n<tr>\n<td>\n<h6 style=\"text-align: center;\"><a href=\"https:\/\/www.hatsche.de\/index.php\/2025\/05\/20\/paraguay-2021-2022\/\" rel=\"noopener\"><img decoding=\"async\" class=\"wp-image-142 size-medium aligncenter\" src=\"https:\/\/www.hatsche.de\/wp-content\/uploads\/2024\/07\/home_2021_paraguay-1024x449.jpg\" alt=\"Paraguay 2021\" \/><\/a><\/h6>\n<h1 style=\"text-align: center;\"><a href=\"https:\/\/www.hatsche.de\/index.php\/2025\/05\/20\/paraguay-2021-2022\/\" rel=\"noopener\">Paraguay 2021<\/a><\/h1>\n<\/td>\n<\/tr>\n<tr>\n<td height=\"30\"><\/td>\n<\/tr>\n<tr>\n<td>\n<h6 style=\"text-align: center;\"><a href=\"https:\/\/www.hatsche.de\/index.php\/2025\/05\/25\/mexiko-2021\/\" rel=\"noopener\"><img decoding=\"async\" class=\"wp-image-142 size-medium aligncenter\" src=\"https:\/\/www.hatsche.de\/wp-content\/uploads\/2024\/07\/home_2021_mexico-1024x449.jpg\" alt=\"Mexiko 2021\" \/><\/a><\/h6>\n<h1 style=\"text-align: center;\"><a href=\"https:\/\/www.hatsche.de\/index.php\/2025\/05\/25\/mexiko-2021\/\" rel=\"noopener\">Mexiko 2021<\/a><\/h1>\n<\/td>\n<\/tr>\n<tr>\n<td height=\"30\"><\/td>\n<\/tr>\n<tr>\n<td>\n<h6 style=\"text-align: center;\"><a href=\"https:\/\/www.hatsche.de\/index.php\/2025\/05\/25\/tansania-2020\/\" rel=\"noopener\"><img decoding=\"async\" class=\"wp-image-142 size-medium aligncenter\" src=\"https:\/\/www.hatsche.de\/wp-content\/uploads\/2024\/07\/home_2020_tansania-1024x449.jpg\" alt=\"2020 Tansania\" \/><\/a><\/h6>\n<h1 style=\"text-align: center;\"><a href=\"https:\/\/www.hatsche.de\/index.php\/2025\/05\/25\/tansania-2020\/\" rel=\"noopener\">Tansania 2020<\/a><\/h1>\n<\/td>\n<\/tr>\n<tr>\n<td height=\"30\"><\/td>\n<\/tr>\n<tr>\n<td>\n<h6 style=\"text-align: center;\"><a href=\"https:\/\/www.ride-the-world.de\/index.php\/2019\/06\/18\/world-tour-2019-aus-und-umbau-motorrad\/\" target=\"_blank\" rel=\"noopener\"><img decoding=\"async\" class=\"wp-image-142 size-medium aligncenter\" src=\"https:\/\/www.hatsche.de\/wp-content\/uploads\/2024\/07\/home_2019_indonesien_australien-1024x450.jpg\" alt=\"Motorrad-Weltreise 2019 - Indonesien | Australien\" \/><\/a><\/h6>\n<h1 style=\"text-align: center;\"><a href=\"https:\/\/www.ride-the-world.de\/index.php\/2019\/06\/18\/world-tour-2019-aus-und-umbau-motorrad\/\" target=\"_blank\" rel=\"noopener\">Motorradweltreise 2019 \u2013 Indonesien | Australien<\/a><\/h1>\n<\/td>\n<\/tr>\n<tr>\n<td height=\"30\"><\/td>\n<\/tr>\n<tr>\n<tr>\n<td>\n<h6 style=\"text-align: center;\"><a href=\"https:\/\/www.ride-the-world.de\/index.php\/2018\/12\/16\/mit-dem-roller-durch-nordthailand\/\" target=\"_blank\" rel=\"noopener\"><img decoding=\"async\" class=\"wp-image-142 size-medium aligncenter\" src=\"https:\/\/www.hatsche.de\/wp-content\/uploads\/2024\/07\/home_2018_nordthailand-1024x450.jpg\" alt=\"Mit dem Roller durch Nordthailand 2018\" \/><\/a><\/h6>\n<h1 style=\"text-align: center;\"><a href=\"https:\/\/www.ride-the-world.de\/index.php\/2018\/12\/16\/mit-dem-roller-durch-nordthailand\/\" target=\"_blank\" rel=\"noopener\">Mit dem Roller durch Nordthailand 2018<\/a><\/h1>\n<\/td>\n<\/tr>\n<tr>\n<td height=\"30\"><\/td>\n<\/tr>\n<tr>\n<td>\n<h6 style=\"text-align: center;\"><a href=\"https:\/\/www.ride-the-world.de\/index.php\/2018\/06\/22\/sudosteuropa-2018\/\" target=\"_blank\" rel=\"noopener\"><img decoding=\"async\" class=\"wp-image-142 size-medium aligncenter\" src=\"https:\/\/www.hatsche.de\/wp-content\/uploads\/2024\/07\/home_2018_balkan-1024x450.jpg\" alt=\"S\u00fcdosteuropa 2018\" \/><\/a><\/h6>\n<h1 style=\"text-align: center;\"><a href=\"https:\/\/www.ride-the-world.de\/index.php\/2018\/06\/22\/sudosteuropa-2018\/\" target=\"_blank\" rel=\"noopener\">S\u00fcdosteuropa 2018<\/a><\/h1>\n<\/td>\n<\/tr>\n<tr>\n<td height=\"30\"><\/td>\n<\/tr>\n<tr>\n<td>\n<h6 style=\"text-align: center;\"><a href=\"https:\/\/www.ride-the-world.de\/index.php\/2017\/06\/05\/geplante-route\/\" target=\"_blank\" rel=\"noopener\"><img decoding=\"async\" class=\"wp-image-142 size-medium aligncenter\" src=\"https:\/\/www.hatsche.de\/wp-content\/uploads\/2024\/07\/home_2017_worldtour-1024x450.jpg\" alt=\"Motorradweltreise 2017\" \/><\/a><\/h6>\n<h1 style=\"text-align: center;\"><a href=\"https:\/\/www.ride-the-world.de\/index.php\/2017\/06\/05\/geplante-route\/\" target=\"_blank\" rel=\"noopener\">Motorradweltreise 2017 \u2013 von Deutschland nach Malaysia<\/a><\/h1>\n<\/td>\n<\/tr>\n<tr>\n<td height=\"30\"><\/td>\n<\/tr>\n<tr>\n<td>\n<h6 style=\"text-align: center;\"><a href=\"https:\/\/www.hatsche.de\/index.php\/2025\/05\/26\/myanmar-philippinen-2016\/\" rel=\"noopener\"><img decoding=\"async\" class=\"wp-image-142 size-medium aligncenter\" src=\"https:\/\/www.hatsche.de\/wp-content\/uploads\/2024\/07\/home_2016_myanmar-1024x450.jpg\" alt=\"Myanmar &amp; Philippinen 2016\" \/><\/a><\/h6>\n<h1 style=\"text-align: center;\"><a href=\"https:\/\/www.hatsche.de\/index.php\/2025\/05\/26\/myanmar-philippinen-2016\/\" rel=\"noopener\">Myanmar &amp; Philippinen 2016<\/a><\/h1>\n<\/td>\n<\/tr>\n<tr>\n<td height=\"30\"><\/td>\n<\/tr>\n<tr>\n<td>\n<h6 style=\"text-align: center;\"><a href=\"https:\/\/www.ride-the-world.de\/index.php\/2016\/10\/02\/frankreich-spanien-portugal-2016\/\" target=\"_blank\" rel=\"noopener\"><img decoding=\"async\" class=\"wp-image-142 size-medium aligncenter\" src=\"https:\/\/www.hatsche.de\/wp-content\/uploads\/2024\/07\/home_2016_iberia-1024x451.jpg\" alt=\"Fahrt um die iberische Halbinsel 2016\" \/><\/a><\/h6>\n<h1 style=\"text-align: center;\"><a href=\"https:\/\/www.ride-the-world.de\/index.php\/2016\/10\/02\/frankreich-spanien-portugal-2016\/\" target=\"_blank\" rel=\"noopener\">Fahrt um die iberische Halbinsel 2016<\/a><\/h1>\n<\/td>\n<\/tr>\n<tr>\n<td height=\"30\"><\/td>\n<\/tr>\n<tr>\n<td>\n<h6 style=\"text-align: center;\"><a href=\"https:\/\/www.hatsche.de\/index.php\/2025\/05\/26\/malaysia-thailand-philippinen-2015\/\" rel=\"noopener\"><img decoding=\"async\" class=\"wp-image-142 size-medium aligncenter\" src=\"https:\/\/www.hatsche.de\/wp-content\/uploads\/2024\/07\/home_2015_boracay-1024x450.jpg\" alt=\"Malaysia | Thailand | Philippinen 2015\/2016\" \/><\/a><\/h6>\n<h1 style=\"text-align: center;\"><a href=\"https:\/\/www.hatsche.de\/index.php\/2025\/05\/26\/malaysia-thailand-philippinen-2015\/\" rel=\"noopener\">Malaysia | Thailand | Philippinen 2015\/2016<\/a><\/h1>\n<\/td>\n<\/tr>\n<tr>\n<td height=\"30\"><\/td>\n<\/tr>\n<tr>\n<td>\n<h6 style=\"text-align: center;\"><a href=\"https:\/\/www.hatsche.de\/index.php\/2025\/05\/27\/transsibirische-eisenbahn-2014\/\" rel=\"noopener\"><img decoding=\"async\" class=\"wp-image-142 size-medium aligncenter\" src=\"https:\/\/www.hatsche.de\/wp-content\/uploads\/2024\/07\/home_2014_transsib-1024x450.jpg\" alt=\"Transsibirische Eisenbahn 2014\" \/><\/a><\/h6>\n<h1 style=\"text-align: center;\"><a href=\"https:\/\/www.hatsche.de\/index.php\/2025\/05\/27\/transsibirische-eisenbahn-2014\/\" rel=\"noopener\">Transsibirische Eisenbahn 2014<\/a><\/h1>\n<\/td>\n<\/tr>\n<tr>\n<td height=\"30\"><\/td>\n<\/tr>\n<tr>\n<td>\n<h6 style=\"text-align: center;\"><a href=\"https:\/\/www.hatsche.de\/index.php\/2025\/05\/30\/thailand-2014\/\" rel=\"noopener\"><img decoding=\"async\" class=\"wp-image-142 size-medium aligncenter\" src=\"https:\/\/www.hatsche.de\/wp-content\/uploads\/2024\/07\/home_2014_thailand-1024x450.jpg\" alt=\"Thailand 2014\" \/><\/a><\/h6>\n<h1 style=\"text-align: center;\"><a href=\"https:\/\/www.hatsche.de\/index.php\/2025\/05\/30\/thailand-2014\/\" rel=\"noopener\">Thailand 2014<\/a><\/h1>\n<\/td>\n<\/tr>\n<tr>\n<td height=\"30\"><\/td>\n<\/tr>\n<tr>\n<td>\n<h6 style=\"text-align: center;\"><a href=\"https:\/\/www.hatsche.de\/index.php\/2025\/05\/30\/indonesien-singapur-2013\/\" rel=\"noopener\"><img decoding=\"async\" class=\"wp-image-142 size-medium aligncenter\" src=\"https:\/\/www.hatsche.de\/wp-content\/uploads\/2024\/07\/home_2013_singapur-1024x451.jpg\" alt=\"Indonesien \/ Singapur 2013\" \/><\/a><\/h6>\n<h1 style=\"text-align: center;\"><a href=\"https:\/\/www.hatsche.de\/index.php\/2025\/05\/30\/indonesien-singapur-2013\/\" rel=\"noopener\">Indonesien &amp; Singapur 2013<\/a><\/h1>\n<\/td>\n<\/tr>\n<tr>\n<td height=\"30\"><\/td>\n<\/tr>\n<tr>\n<td>\n<h6 style=\"text-align: center;\"><a href=\"https:\/\/www.hatsche.de\/index.php\/2025\/05\/31\/mit-bus-bahn-nach-bangkok-2012\/\" rel=\"noopener\"><img decoding=\"async\" class=\"wp-image-142 size-medium aligncenter\" src=\"https:\/\/www.hatsche.de\/wp-content\/uploads\/2024\/07\/home_2012_worldtour-1024x450.jpg\" alt=\"Mit Bus &amp; Bahn nach Bangkok 2012\" \/><\/a><\/h6>\n<h1 style=\"text-align: center;\"><a href=\"https:\/\/www.hatsche.de\/index.php\/2025\/05\/31\/mit-bus-bahn-nach-bangkok-2012\/\" rel=\"noopener\">Mit Bus &amp; Bahn nach Bangkok 2012<\/a><\/h1>\n<\/td>\n<\/tr>\n<\/tr>\n<tr>\n<td height=\"30\"><\/td>\n<\/tr>\n<tr>\n<td>\n<h6 style=\"text-align: center;\"><a href=\"https:\/\/www.hatsche.de\/index.php\/2025\/06\/14\/indonesien-sumatra-2012\/\" rel=\"noopener\"><img decoding=\"async\" class=\"wp-image-142 size-medium aligncenter\" src=\"https:\/\/www.hatsche.de\/wp-content\/uploads\/2025\/06\/home_2012_indonesien.jpg\" alt=\"Mit Bus &amp; Bahn nach Bangkok 2012\" \/><\/a><\/h6>\n<h1 style=\"text-align: center;\"><a href=\"https:\/\/www.hatsche.de\/index.php\/2025\/06\/14\/indonesien-sumatra-2012\/\" rel=\"noopener\">Indonesien (Sumatra) 2012<\/a><\/h1>\n<\/td>\n<\/tr>\n<\/tr>\n<tr>\n<td height=\"30\"><\/td>\n<\/tr>\n<tr>\n<td>\n<h6 style=\"text-align: center;\"><a href=\"https:\/\/www.hatsche.de\/index.php\/2025\/06\/02\/thailand-2011\/\" rel=\"noopener\"><img decoding=\"async\" class=\"wp-image-142 size-medium aligncenter\" src=\"https:\/\/www.hatsche.de\/wp-content\/uploads\/2024\/07\/home_2011_thailand-1024x451.jpg\" alt=\"Thailand 2011\" \/><\/a><\/h6>\n<h1 style=\"text-align: center;\"><a href=\"https:\/\/www.hatsche.de\/index.php\/2025\/06\/02\/thailand-2011\/\" rel=\"noopener\">Thailand 2011<\/a><\/h1>\n<tr>\n<td height=\"30\"><\/td>\n<\/tr>\n<tr>\n<tr>\n<td>\n<h6 style=\"text-align: center;\"><a href=\"https:\/\/www.hatsche.de\/index.php\/2025\/06\/10\/china-2010\/\" rel=\"noopener\"><img decoding=\"async\" class=\"wp-image-142 size-medium aligncenter\" src=\"https:\/\/www.hatsche.de\/wp-content\/uploads\/2025\/06\/home_2010_china.jpg\" alt=\"China 2010\" \/><\/a><\/h6>\n<h1 style=\"text-align: center;\"><a href=\"https:\/\/www.hatsche.de\/index.php\/2025\/06\/10\/china-2010\/\" rel=\"noopener\">China 2010<\/a><\/h1>\n<\/td>\n<\/tr>\n<tr>\n<td height=\"30\"><\/td>\n<\/tr>\n<tr>\n<tr>\n<td>\n<h6 style=\"text-align: center;\"><a href=\"https:\/\/www.hatsche.de\/index.php\/2025\/06\/11\/thailand-2010\/\" rel=\"noopener\"><img decoding=\"async\" class=\"wp-image-142 size-medium aligncenter\" src=\"https:\/\/www.hatsche.de\/wp-content\/uploads\/2025\/06\/home_2010_thailand.jpg\" alt=\"Thailand 2010\" \/><\/a><\/h6>\n<h1 style=\"text-align: center;\"><a href=\"https:\/\/www.hatsche.de\/index.php\/2025\/06\/11\/thailand-2010\/\" rel=\"noopener\">Thailand 2010<\/a><\/h1>\n<\/td>\n<\/tr>\n<tr>\n<td height=\"30\"><\/td>\n<\/tr>\n<tr>\n<tr>\n<td>\n<h6 style=\"text-align: center;\"><a href=\"https:\/\/www.hatsche.de\/index.php\/2025\/06\/12\/myanmar-2009\/\" rel=\"noopener\"><img decoding=\"async\" class=\"wp-image-142 size-medium aligncenter\" src=\"https:\/\/www.hatsche.de\/wp-content\/uploads\/2025\/06\/home_2009_myanmar.jpg\" alt=\"Myanmar 2009\" \/><\/a><\/h6>\n<h1 style=\"text-align: center;\"><a href=\"https:\/\/www.hatsche.de\/index.php\/2025\/06\/12\/myanmar-2009\/\" rel=\"noopener\">Myanmar 2009<\/a><\/h1>\n<\/td>\n<\/tr>\n<tr>\n<td height=\"30\"><\/td>\n<\/tr>\n<tr>\n<tr>\n<td>\n<h6 style=\"text-align: center;\"><a href=\"https:\/\/www.hatsche.de\/index.php\/2025\/06\/14\/thailand-2009\/\" rel=\"noopener\"><img decoding=\"async\" class=\"wp-image-142 size-medium aligncenter\" src=\"https:\/\/www.hatsche.de\/wp-content\/uploads\/2025\/06\/home_2009_thailand.jpg\" alt=\"Thailand 2009\" \/><\/a><\/h6>\n<h1 style=\"text-align: center;\"><a href=\"https:\/\/www.hatsche.de\/index.php\/2025\/06\/14\/thailand-2009\/\" rel=\"noopener\">Thailand 2009<\/a><\/h1>\n<\/td>\n<\/tr>\n<tr>\n<td height=\"30\"><\/td>\n<\/tr>\n<tr>\n<tr>\n<td>\n<h6 style=\"text-align: center;\"><a href=\"https:\/\/www.hatsche.de\/index.php\/2025\/06\/15\/costa-rica-nicaragua-2008\/\" rel=\"noopener\"><img decoding=\"async\" class=\"wp-image-142 size-medium aligncenter\" src=\"https:\/\/www.hatsche.de\/wp-content\/uploads\/2025\/06\/home_2008_costarica.jpg\" alt=\"Costa Rica | Nicaragua 2008\" \/><\/a><\/h6>\n<h1 style=\"text-align: center;\"><a href=\"https:\/\/www.hatsche.de\/index.php\/2025\/06\/15\/costa-rica-nicaragua-2008\/\" rel=\"noopener\">Costa Rica | Nicaragua 2008<\/a><\/h1>\n<\/td>\n<\/tr>\n<tr>\n<td height=\"30\"><\/td>\n<\/tr>\n<tr>\n<tr>\n<td>\n<h6 style=\"text-align: center;\"><a href=\"https:\/\/www.hatsche.de\/index.php\/2025\/06\/15\/vietnam-2008\/\" rel=\"noopener\"><img decoding=\"async\" class=\"wp-image-142 size-medium aligncenter\" src=\"https:\/\/www.hatsche.de\/wp-content\/uploads\/2025\/06\/home_2008_vietnam.jpg\" alt=\"Vietnam 2008\" \/><\/a><\/h6>\n<h1 style=\"text-align: center;\"><a href=\"https:\/\/www.hatsche.de\/index.php\/2025\/06\/15\/vietnam-2008\/\" rel=\"noopener\">Vietnam 2008<\/a><\/h1>\n<\/td>\n<\/tr>\n<tr>\n<td height=\"30\"><\/td>\n<\/tr>\n<tr>\n<tr>\n<td>\n<h6 style=\"text-align: center;\"><a href=\"https:\/\/www.hatsche.de\/index.php\/2025\/06\/17\/laos-2007\/\" rel=\"noopener\"><img decoding=\"async\" class=\"wp-image-142 size-medium aligncenter\" src=\"https:\/\/www.hatsche.de\/wp-content\/uploads\/2025\/06\/home_2007_laos.jpg\" alt=\"Laos 2007\" \/><\/a><\/h6>\n<h1 style=\"text-align: center;\"><a href=\"https:\/\/www.hatsche.de\/index.php\/2025\/06\/17\/laos-2007\/\" rel=\"noopener\">Laos 2007<\/a><\/h1>\n<\/td>\n<\/tr>\n<tr>\n<td height=\"30\"><\/td>\n<\/tr>\n<tr>\n<tr>\n<td>\n<h6 style=\"text-align: center;\"><a href=\"https:\/\/www.hatsche.de\/index.php\/2025\/06\/17\/philippinen-2007\/\" rel=\"noopener\"><img decoding=\"async\" class=\"wp-image-142 size-medium aligncenter\" src=\"https:\/\/www.hatsche.de\/wp-content\/uploads\/2025\/06\/home_2007_philippinen.jpg\" alt=\"Philippinen 2007\" \/><\/a><\/h6>\n<h1 style=\"text-align: center;\"><a href=\"https:\/\/www.hatsche.de\/index.php\/2025\/06\/17\/philippinen-2007\/\" rel=\"noopener\">Philippinen 2007<\/a><\/h1>\n<\/td>\n<\/tr>\n<tr>\n<td height=\"30\"><\/td>\n<\/tr>\n<tr>\n<tr>\n<td>\n<h6 style=\"text-align: center;\"><a href=\"https:\/\/www.hatsche.de\/index.php\/2025\/06\/22\/philippinen-thailand-2006\/\" rel=\"noopener\"><img decoding=\"async\" class=\"wp-image-142 size-medium aligncenter\" src=\"https:\/\/www.hatsche.de\/wp-content\/uploads\/2025\/06\/home_2006_philippinen.jpg\" alt=\"Philippinen 2006\" \/><\/a><\/h6>\n<h1 style=\"text-align: center;\"><a href=\"https:\/\/www.hatsche.de\/index.php\/2025\/06\/22\/philippinen-thailand-2006\/\" rel=\"noopener\">Philippinen | Thailand 2006<\/a><\/h1>\n<\/td>\n<\/tr>\n<tr>\n<td height=\"30\"><\/td>\n<\/tr>\n<tr>\n<tr>\n<td>\n<h6 style=\"text-align: center;\"><a href=\"https:\/\/www.hatsche.de\/index.php\/2025\/06\/24\/indonesien-hong-kong-2005\/\" rel=\"noopener\"><img decoding=\"async\" class=\"wp-image-142 size-medium aligncenter\" src=\"https:\/\/www.hatsche.de\/wp-content\/uploads\/2025\/06\/home_2005_indonesien.jpg\" alt=\"Indonesien | Hong Kong 2005\" \/><\/a><\/h6>\n<h1 style=\"text-align: center;\"><a href=\"https:\/\/www.hatsche.de\/index.php\/2025\/06\/24\/indonesien-hong-kong-2005\/\" rel=\"noopener\">Indonesien | Hong Kong 2005<\/a><\/h1>\n<\/td>\n<\/tr>\n<tr>\n<td height=\"30\"><\/td>\n<\/tr>\n<tr>\n<tr>\n<td>\n<h6 style=\"text-align: center;\"><a href=\"https:\/\/www.hatsche.de\/index.php\/2025\/06\/26\/kambodscha-thailand-2005\/\" rel=\"noopener\"><img decoding=\"async\" class=\"wp-image-142 size-medium aligncenter\" src=\"https:\/\/www.hatsche.de\/wp-content\/uploads\/2025\/06\/home_2005_kambodscha.jpg\" alt=\"Kambodscha | Thailand 2005\" \/><\/a><\/h6>\n<h1 style=\"text-align: center;\"><a href=\"https:\/\/www.hatsche.de\/index.php\/2025\/06\/26\/kambodscha-thailand-2005\/\" rel=\"noopener\">Kambodscha | Thailand 2005<\/a><\/h1>\n<\/td>\n<\/tr>\n<tr>\n<td height=\"30\"><\/td>\n<\/tr>\n<tr>\n<tr>\n<td>\n<h6 style=\"text-align: center;\"><a href=\"https:\/\/www.hatsche.de\/index.php\/2025\/06\/29\/philippinen-2004\/\" rel=\"noopener\"><img decoding=\"async\" class=\"wp-image-142 size-medium aligncenter\" src=\"https:\/\/www.hatsche.de\/wp-content\/uploads\/2025\/06\/home_2005_philippinen.jpg\" alt=\"Philippinen 2004\" \/><\/a><\/h6>\n<h1 style=\"text-align: center;\"><a href=\"https:\/\/www.hatsche.de\/index.php\/2025\/06\/29\/philippinen-2004\/\" rel=\"noopener\">Philippinen 2004<\/a><\/h1>\n<\/td>\n<\/tr>\n<tr>\n<td height=\"30\"><\/td>\n<\/tr>\n<tr>\n<tr>\n<td>\n<h6 style=\"text-align: center;\"><a href=\"https:\/\/www.hatsche.de\/index.php\/2025\/09\/03\/aegypten-2003\/\" rel=\"noopener\"><img decoding=\"async\" class=\"wp-image-142 size-medium aligncenter\" src=\"https:\/\/www.hatsche.de\/wp-content\/uploads\/2025\/09\/home_2003_aegypten.jpg\" alt=\"\u00c4gypten 2003\" \/><\/a><\/h6>\n<h1 style=\"text-align: center;\"><a href=\"https:\/\/www.hatsche.de\/index.php\/2025\/09\/03\/aegypten-2003\/\" rel=\"noopener\">\u00c4gypten 2003<\/a><\/h1>\n<\/td>\n<\/tr>\n<tr>\n<td height=\"30\"><\/td>\n<\/tr>\n<tr>\n<tr>\n<td>\n<h6 style=\"text-align: center;\"><a href=\"https:\/\/www.hatsche.de\/index.php\/2025\/09\/03\/kenia-2003\/\" rel=\"noopener\"><img decoding=\"async\" class=\"wp-image-142 size-medium aligncenter\" src=\"https:\/\/www.hatsche.de\/wp-content\/uploads\/2025\/09\/home_2003_kenia.jpg\" alt=\"Kenia 2003\" \/><\/a><\/h6>\n<h1 style=\"text-align: center;\"><a href=\"https:\/\/www.hatsche.de\/index.php\/2025\/09\/03\/kenia-2003\/\" rel=\"noopener\">Kenia 2003<\/a><\/h1>\n<\/td>\n<\/tr>\n<tr>\n<td height=\"30\"><\/td>\n<\/tr>\n<tr>\n<tr>\n<td>\n<h6 style=\"text-align: center;\"><a href=\"https:\/\/www.hatsche.de\/index.php\/2024\/07\/27\/baustelle\/\" rel=\"noopener\"><img decoding=\"async\" class=\"wp-image-142 size-medium aligncenter\" src=\"https:\/\/www.hatsche.de\/wp-content\/uploads\/2025\/09\/home_2002_malaysia.jpg\" alt=\"Malaysia 2002\" \/><\/a><\/h6>\n<h1 style=\"text-align: center;\"><a href=\"https:\/\/www.hatsche.de\/index.php\/2024\/07\/27\/baustelle\/\" rel=\"noopener\">Malaysia 2002<\/a><\/h1>\n<\/td>\n<\/tr>\n<tr>\n<td height=\"30\"><\/td>\n<\/tr>\n<tr>\n<tr>\n<td>\n<h6 style=\"text-align: center;\"><a href=\"https:\/\/www.hatsche.de\/index.php\/2024\/07\/27\/baustelle\/\" rel=\"noopener\"><img decoding=\"async\" class=\"wp-image-142 size-medium aligncenter\" src=\"https:\/\/www.hatsche.de\/wp-content\/uploads\/2025\/09\/home_2000_indien.jpg\" alt=\"Indien 2000\" \/><\/a><\/h6>\n<h1 style=\"text-align: center;\"><a href=\"https:\/\/www.hatsche.de\/index.php\/2024\/07\/27\/baustelle\/\" rel=\"noopener\">Indien 2000<\/a><\/h1>\n<\/td>\n<\/tr>\n<tr>\n<td height=\"30\"><\/td>\n<\/tr>\n<tr>\n<\/tbody>\n<\/table>\n","protected":false},"excerpt":{"rendered":"<p>Hallo und Herzlich Willkommen auf meiner Homepage Was k\u00f6nnt Ihr hier erwarten? Ein paar Info&#8217;s \u00fcber mich und meine Umwelt. Ihr findet hier auch Reiseberichte der L\u00e4nder in denen ich schon war. Leider sind die Berichte l\u00e4ngst nicht alle fertig. Das Reisen geht halt doch schneller als das Schreiben. Eine \u00dcbersicht findet ihr unter der&#8230;<\/p>\n","protected":false},"author":1,"featured_media":93,"parent":0,"menu_order":0,"comment_status":"closed","ping_status":"open","template":"","meta":{"footnotes":""},"class_list":["post-46","page","type-page","status-publish","has-post-thumbnail","hentry"],"_links":{"self":[{"href":"https:\/\/www.hatsche.de\/index.php\/wp-json\/wp\/v2\/pages\/46","targetHints":{"allow":["GET"]}}],"collection":[{"href":"https:\/\/www.hatsche.de\/index.php\/wp-json\/wp\/v2\/pages"}],"about":[{"href":"https:\/\/www.hatsche.de\/index.php\/wp-json\/wp\/v2\/types\/page"}],"author":[{"embeddable":true,"href":"https:\/\/www.hatsche.de\/index.php\/wp-json\/wp\/v2\/users\/1"}],"replies":[{"embeddable":true,"href":"https:\/\/www.hatsche.de\/index.php\/wp-json\/wp\/v2\/comments?post=46"}],"version-history":[{"count":108,"href":"https:\/\/www.hatsche.de\/index.php\/wp-json\/wp\/v2\/pages\/46\/revisions"}],"predecessor-version":[{"id":6778,"href":"https:\/\/www.hatsche.de\/index.php\/wp-json\/wp\/v2\/pages\/46\/revisions\/6778"}],"wp:featuredmedia":[{"embeddable":true,"href":"https:\/\/www.hatsche.de\/index.php\/wp-json\/wp\/v2\/media\/93"}],"wp:attachment":[{"href":"https:\/\/www.hatsche.de\/index.php\/wp-json\/wp\/v2\/media?parent=46"}],"curies":[{"name":"wp","href":"https:\/\/api.w.org\/{rel}","templated":true}]}}